{"id":1140,"date":"2025-10-11T17:08:52","date_gmt":"2025-10-11T17:08:52","guid":{"rendered":"https:\/\/go-fishing.nl\/?post_type=product&#038;p=1140"},"modified":"2026-05-04T17:47:26","modified_gmt":"2026-05-04T17:47:26","slug":"kenart-winner-pro-9cm","status":"publish","type":"product","link":"https:\/\/go-fishing.nl\/en\/product\/kenart-winner-pro-9cm\/","title":{"rendered":"Kenart winner pro 9cm"},"content":{"rendered":"<div class=\"product-description-container\">\n<h2 style=\"margin-bottom: 20px;\">Kenart Winner 9cm Wobbler - Classic Action and Reliability<\/h2>\n<h3 style=\"margin-bottom: 15px;\">Product specifications:<\/h3>\n<table style=\"width: 100%; border-collapse: collapse; margin-bottom: 30px; background-color: #e9e9e2;\">\n<tbody>\n<tr>\n<td style=\"padding: 10px; border-bottom: 1px solid #d1d1d1; width: 30%;\"><strong>Type<\/strong><\/td>\n<td style=\"padding: 10px; border-bottom: 1px solid #d1d1d1;\">floating wobbler<\/td>\n<\/tr>\n<tr>\n<td style=\"padding: 10px; border-bottom: 1px solid #d1d1d1;\"><strong>Weight<\/strong><\/td>\n<td style=\"padding: 10px; border-bottom: 1px solid #d1d1d1;\">11 g<\/td>\n<\/tr>\n<tr>\n<td style=\"padding: 10px; border-bottom: 1px solid #d1d1d1;\"><strong>Lenght<\/strong><\/td>\n<td style=\"padding: 10px; border-bottom: 1px solid #d1d1d1;\">9 cm<\/td>\n<\/tr>\n<tr>\n<td style=\"padding: 10px; border-bottom: 1px solid #d1d1d1;\"><strong>Action<\/strong><\/td>\n<td style=\"padding: 10px; border-bottom: 1px solid #d1d1d1;\">aggressive, distinct action<\/td>\n<\/tr>\n<tr>\n<td style=\"padding: 10px; border-bottom: 1px solid #d1d1d1;\"><strong>Diving depth<\/strong><\/td>\n<td style=\"padding: 10px; border-bottom: 1px solid #d1d1d1;\">1.5 &#8211; 2.5 m<\/td>\n<\/tr>\n<tr>\n<td style=\"padding: 10px;\"><strong>Intended use<\/strong><\/td>\n<td style=\"padding: 10px;\">pikeperch, pike, large perch<\/td>\n<\/tr>\n<\/tbody>\n<\/table>\n<p style=\"line-height: 1.6; margin-bottom: 25px;\">The Kenart Winner 9cm is a lure designed for effectively enticing predators in various conditions. Its unique shape and balance allow for a very stable action that remains consistent even in strong river currents. This wobbler provokes strikes both during a steady retrieve and while trolling.<\/p>\n<h3 style=\"margin-bottom: 15px;\">What makes the Kenart Winner 9cm stand out?<\/h3>\n<ul style=\"line-height: 1.8; margin-bottom: 30px; list-style-type: none; padding-left: 0;\">\n<li style=\"margin-bottom: 15px;\"><strong>Universal application:<\/strong><br \/>\nIt performs excellently on river embankments, overflows, and lake flats where pike lie in wait.<\/li>\n<li style=\"margin-bottom: 15px;\"><strong>Strong vibrations (Pressure waves)<\/strong><br \/>\nThe distinct action sends out a strong hydroacoustic wave that lures predators from a great distance, even in murky water.<\/li>\n<li style=\"margin-bottom: 15px;\"><strong>Stability in the current:<\/strong><br \/>\nThe design of the lip and body ensures the wobbler does not roll or blow out during a fast retrieve against the current.<\/li>\n<li style=\"margin-bottom: 15px;\"><strong>Top-tier rigging:<\/strong><br \/>\nEquipped with ultra-sharp and strong treble hooks that guarantee a solid hookset and the safe landing of trophy fish.<\/li>\n<\/ul>\n<p style=\"font-style: italic; border-top: 1px solid #ddd; padding-top: 15px;\">Szukasz przyn\u0119ty, kt\u00f3ra &#8220;odpali&#8221; w ka\u017cdych warunkach? Kenart Winner 9cm to pozycja obowi\u0105zkowa w pude\u0142ku ka\u017cdego \u0142owcy sandaczy i szczupak\u00f3w!<\/p>\n<\/div>","protected":false},"excerpt":{"rendered":"<p>A classic 9cm wobbler that, thanks to its stability and aggressive action, has become the number one choice for many spinning anglers.<\/p>","protected":false},"featured_media":1428,"comment_status":"open","ping_status":"closed","template":"","meta":[],"product_brand":[165],"product_cat":[317,318,154],"product_tag":[232,217,210,230],"class_list":{"0":"post-1140","1":"product","2":"type-product","3":"status-publish","4":"has-post-thumbnail","6":"product_brand-kenart","7":"product_cat-sandacz","8":"product_cat-szczupak","9":"product_cat-woblery","10":"product_tag-bolen","11":"product_tag-sandacz","12":"product_tag-szczupak","13":"product_tag-wobler","15":"first","16":"instock","17":"sale","18":"shipping-taxable","19":"purchasable","20":"product-type-variable"},"_links":{"self":[{"href":"https:\/\/go-fishing.nl\/en\/wp-json\/wp\/v2\/product\/1140","targetHints":{"allow":["GET"]}}],"collection":[{"href":"https:\/\/go-fishing.nl\/en\/wp-json\/wp\/v2\/product"}],"about":[{"href":"https:\/\/go-fishing.nl\/en\/wp-json\/wp\/v2\/types\/product"}],"replies":[{"embeddable":true,"href":"https:\/\/go-fishing.nl\/en\/wp-json\/wp\/v2\/comments?post=1140"}],"wp:featuredmedia":[{"embeddable":true,"href":"https:\/\/go-fishing.nl\/en\/wp-json\/wp\/v2\/media\/1428"}],"wp:attachment":[{"href":"https:\/\/go-fishing.nl\/en\/wp-json\/wp\/v2\/media?parent=1140"}],"wp:term":[{"taxonomy":"product_brand","embeddable":true,"href":"https:\/\/go-fishing.nl\/en\/wp-json\/wp\/v2\/product_brand?post=1140"},{"taxonomy":"product_cat","embeddable":true,"href":"https:\/\/go-fishing.nl\/en\/wp-json\/wp\/v2\/product_cat?post=1140"},{"taxonomy":"product_tag","embeddable":true,"href":"https:\/\/go-fishing.nl\/en\/wp-json\/wp\/v2\/product_tag?post=1140"}],"curies":[{"name":"wp","href":"https:\/\/api.w.org\/{rel}","templated":true}]}}