{"id":860,"date":"2025-10-07T11:26:03","date_gmt":"2025-10-07T11:26:03","guid":{"rendered":"https:\/\/go-fishing.nl\/?post_type=product&#038;p=860"},"modified":"2026-04-18T09:09:50","modified_gmt":"2026-04-18T09:09:50","slug":"dragon-bandit-pro-10cm","status":"publish","type":"product","link":"https:\/\/go-fishing.nl\/en\/product\/dragon-bandit-pro-10cm\/","title":{"rendered":"Dragon Bandit pro 10 cm"},"content":{"rendered":"<p><!--StartFragment --><\/p>\n<h3 style=\"text-align: center;\" data-path-to-node=\"4\"><b data-path-to-node=\"4\" data-index-in-node=\"0\">Dragon Bandit Pro 10 cm \u2013 Aggressive action in a zander standard<\/b><\/h3>\n<p>&nbsp;<\/p>\n<p data-path-to-node=\"5\"><b data-path-to-node=\"5\" data-index-in-node=\"2\">Dragon Bandit Pro 10 cm<\/b> is the new generation of one of the most recognizable rippers on the market, designed to effectively lure zander, pike, and trophy perch. The slender body combined with a very wide tail fin generates an extremely powerful hydroacoustic wave, which triggers predators to strike even in murky water or during a slow bite.<\/p>\n<p data-path-to-node=\"6\">Przyn\u0119ta charakteryzuje si\u0119 bardzo wyra\u017an\u0105, &#8220;kopi\u0105c\u0105&#8221; prac\u0105 ogona, kt\u00f3ra natychmiast przenosi drgania na szczyt\u00f3wk\u0119 w\u0119dziska. Wykonana z wysokiej jako\u015bci mi\u0119kkiego silikonu, zachowuje swoj\u0105 p\u0142ynn\u0105 akcj\u0119 zar\u00f3wno przy lekkim zbrojeniu na jeziorowe p\u0142ycizny, jak i podczas si\u0142owego, rzecznego opadu. Klasyczny kszta\u0142t korpusu sprawia, \u017ce guma idealnie przylega do g\u0142\u00f3wki jigowej, co zapewnia jej stabilno\u015b\u0107 i trwa\u0142o\u015b\u0107 podczas wielu bra\u0144.<\/p>\n<h3 data-path-to-node=\"7\"><b data-path-to-node=\"7\" data-index-in-node=\"0\">Specification:<\/b><\/h3>\n<ul data-path-to-node=\"8\">\n<li>\n<p data-path-to-node=\"8,0,0\"><b data-path-to-node=\"8,0,0\" data-index-in-node=\"0\">Type:<\/b> Ripper (Paddle Tail)<\/p>\n<\/li>\n<li>\n<p data-path-to-node=\"8,1,0\"><b data-path-to-node=\"8,1,0\" data-index-in-node=\"0\">Length:<\/b> 10 cm (4&#8243;)<\/p>\n<\/li>\n<li>\n<p data-path-to-node=\"8,2,0\"><b data-path-to-node=\"8,2,0\" data-index-in-node=\"0\">Recommended hook:<\/b> Jig head 4\/0 or 5\/0<\/p>\n<\/li>\n<li>\n<p data-path-to-node=\"8,3,0\"><b data-path-to-node=\"8,3,0\" data-index-in-node=\"0\">Material:<\/b> Soft silicone with high elasticity<\/p>\n<\/li>\n<li>\n<p data-path-to-node=\"8,4,0\"><b data-path-to-node=\"8,4,0\" data-index-in-node=\"0\">Technique:<\/b> Classic drop, steady retrieve, dragging<\/p>\n<\/li>\n<li>\n<p data-path-to-node=\"8,5,0\"><b data-path-to-node=\"8,5,0\" data-index-in-node=\"0\">Target:<\/b> Zander, Pike, Large Perch<\/p>\n<\/li>\n<\/ul>\n<p><!--EndFragment --><\/p>","protected":false},"excerpt":{"rendered":"<p>Feel every strike! Bandit Pro is an aggressive action that provokes predators with a powerful hydroacoustic wave. Soft silicone and perfect action on the drop make it so that <b data-path-to-node=\"4\" data-index-in-node=\"204\">no zander will swim past it indifferently<\/b>. The 10 cm size is your new, reliable standard.<\/p>","protected":false},"featured_media":1271,"comment_status":"open","ping_status":"closed","template":"","meta":[],"product_brand":[88],"product_cat":[25,317,318],"product_tag":[326,325,246,250],"class_list":{"0":"post-860","1":"product","2":"type-product","3":"status-publish","4":"has-post-thumbnail","6":"product_brand-dragon","7":"product_cat-miekkie","8":"product_cat-sandacz","9":"product_cat-szczupak","10":"product_tag-agresywny-ripper","11":"product_tag-bandit","12":"product_tag-dragon","13":"product_tag-shad","15":"first","16":"instock","17":"sale","18":"shipping-taxable","19":"purchasable","20":"product-type-variable"},"_links":{"self":[{"href":"https:\/\/go-fishing.nl\/en\/wp-json\/wp\/v2\/product\/860","targetHints":{"allow":["GET"]}}],"collection":[{"href":"https:\/\/go-fishing.nl\/en\/wp-json\/wp\/v2\/product"}],"about":[{"href":"https:\/\/go-fishing.nl\/en\/wp-json\/wp\/v2\/types\/product"}],"replies":[{"embeddable":true,"href":"https:\/\/go-fishing.nl\/en\/wp-json\/wp\/v2\/comments?post=860"}],"wp:featuredmedia":[{"embeddable":true,"href":"https:\/\/go-fishing.nl\/en\/wp-json\/wp\/v2\/media\/1271"}],"wp:attachment":[{"href":"https:\/\/go-fishing.nl\/en\/wp-json\/wp\/v2\/media?parent=860"}],"wp:term":[{"taxonomy":"product_brand","embeddable":true,"href":"https:\/\/go-fishing.nl\/en\/wp-json\/wp\/v2\/product_brand?post=860"},{"taxonomy":"product_cat","embeddable":true,"href":"https:\/\/go-fishing.nl\/en\/wp-json\/wp\/v2\/product_cat?post=860"},{"taxonomy":"product_tag","embeddable":true,"href":"https:\/\/go-fishing.nl\/en\/wp-json\/wp\/v2\/product_tag?post=860"}],"curies":[{"name":"wp","href":"https:\/\/api.w.org\/{rel}","templated":true}]}}