{"id":881,"date":"2025-10-07T12:06:19","date_gmt":"2025-10-07T12:06:19","guid":{"rendered":"https:\/\/go-fishing.nl\/?post_type=product&#038;p=881"},"modified":"2026-05-04T16:34:28","modified_gmt":"2026-05-04T16:34:28","slug":"qubi-syrena-jaskolka-10-12cm","status":"publish","type":"product","link":"https:\/\/go-fishing.nl\/en\/product\/qubi-syrena-jaskolka-10-12cm\/","title":{"rendered":"Qubi Syrena v-tail 10\/12cm"},"content":{"rendered":"<h2>Qubi Lures Syrena 10\/12cm \u2013 Precise V-Tail for Zander El Dorado<\/h2>\n<h3>Product specifications:<\/h3>\n<table style=\"width: 100%; border-collapse: collapse; margin-bottom: 20px;\">\n<tbody>\n<tr style=\"background-color: #f9f9f9;\">\n<td style=\"padding: 8px; border: 1px solid #ddd; font-weight: bold;\">Type<\/td>\n<td style=\"padding: 8px; border: 1px solid #ddd;\">v-tail<\/td>\n<\/tr>\n<tr>\n<td style=\"padding: 8px; border: 1px solid #ddd; font-weight: bold;\">Lenght<\/td>\n<td style=\"padding: 8px; border: 1px solid #ddd;\">10 cm \/ 12 cm<\/td>\n<\/tr>\n<tr style=\"background-color: #f9f9f9;\">\n<td style=\"padding: 8px; border: 1px solid #ddd; font-weight: bold;\">Weight<\/td>\n<td style=\"padding: 8px; border: 1px solid #ddd;\">approx. 6-9 g<\/td>\n<\/tr>\n<tr>\n<td style=\"padding: 8px; border: 1px solid #ddd; font-weight: bold;\">Body shape<\/td>\n<td style=\"padding: 8px; border: 1px solid #ddd;\">Slender baitfish<\/td>\n<\/tr>\n<tr style=\"background-color: #f9f9f9;\">\n<td style=\"padding: 8px; border: 1px solid #ddd; font-weight: bold;\">Material<\/td>\n<td style=\"padding: 8px; border: 1px solid #ddd;\">premium soft silicone<\/td>\n<\/tr>\n<tr>\n<td style=\"padding: 8px; border: 1px solid #ddd; font-weight: bold;\">Rigging<\/td>\n<td style=\"padding: 8px; border: 1px solid #ddd;\">jig head \/ Drop-Shot \/ Vertical<\/td>\n<\/tr>\n<tr style=\"background-color: #f9f9f9;\">\n<td style=\"padding: 8px; border: 1px solid #ddd; font-weight: bold;\">Intended use<\/td>\n<td style=\"padding: 8px; border: 1px solid #ddd;\">pikeperch, pike, large perch<\/td>\n<\/tr>\n<\/tbody>\n<\/table>\n<p style=\"line-height: 1.6; margin-bottom: 20px;\">\nQubi Lures Syrena is a V-tail refined in every detail, which has become synonymous with effectiveness when fishing for zander. Its slender profile and characteristic V-shaped tail react to the slightest wrist movement. This is a lure that shows no mercy to predators, imitating a sick or fleeing baitfish so realistically that it provokes strikes even in the most overfished canals and lakes.<\/p>\n<h3>Why choose Qubi Lures Syrena?<\/h3>\n<ul>\n<li><strong>V-Tail's deadly action:<\/strong><br \/>\nThe specific split tail generates subtle, high-frequency vibrations that are key to tempting wary zander and trophy perch.<\/li>\n<li><strong>Perfect for Vertical technique:<\/strong><br \/>\nThanks to its design, the Mermaid holds perfectly horizontally, making it one of the best rubbers for vertical fishing and the pelagic method.<\/li>\n<li><strong>Effectiveness on Drop-Shot:<\/strong><br \/>\njej konstrukcja sprawia, \u017ce na zestawie drop-shotowym guma dos\u0142ownie &#8220;zawiesza si\u0119&#8221; w toni, kusz\u0105c ryby przez bardzo d\u0142ugi czas w jednym miejscu.<\/li>\n<li><strong>Optimized softness:<\/strong><br \/>\nu\u017cyty silikon jest wystarczaj\u0105co mi\u0119kki, by pracowa\u0107 naturalnie, a jednocze\u015bnie na tyle wytrzyma\u0142y, by przetrwa\u0107 wiele agresywnych bra\u0144 &#8220;m\u0119tnookich&#8221;.<\/li>\n<\/ul>\n<hr style=\"border: 0; border-top: 1px solid #eee; margin: 20px 0;\" \/>\n<p><em>Looking for a V-tail that won't let you down during a zander trip? Qubi Lures Syrena is a proven classic that you must have in your arsenal!<\/em><\/p>","protected":false},"excerpt":{"rendered":"<p>Qubi Lures Syrena is a V-tail for special tasks. Incredible tail action in vertical fishing and on the drop \u2013 the absolute number one for zander!<\/p>","protected":false},"featured_media":1262,"comment_status":"open","ping_status":"closed","template":"","meta":[],"product_brand":[89],"product_cat":[25,317],"product_tag":[225,218,254,217,303,248],"class_list":{"0":"post-881","1":"product","2":"type-product","3":"status-publish","4":"has-post-thumbnail","6":"product_brand-qubi","7":"product_cat-miekkie","8":"product_cat-sandacz","9":"product_tag-drop-shot","10":"product_tag-duzy-okon","11":"product_tag-perch","12":"product_tag-sandacz","13":"product_tag-street-fishing","14":"product_tag-zander","16":"first","17":"instock","18":"shipping-taxable","19":"purchasable","20":"product-type-variable"},"_links":{"self":[{"href":"https:\/\/go-fishing.nl\/en\/wp-json\/wp\/v2\/product\/881","targetHints":{"allow":["GET"]}}],"collection":[{"href":"https:\/\/go-fishing.nl\/en\/wp-json\/wp\/v2\/product"}],"about":[{"href":"https:\/\/go-fishing.nl\/en\/wp-json\/wp\/v2\/types\/product"}],"replies":[{"embeddable":true,"href":"https:\/\/go-fishing.nl\/en\/wp-json\/wp\/v2\/comments?post=881"}],"wp:featuredmedia":[{"embeddable":true,"href":"https:\/\/go-fishing.nl\/en\/wp-json\/wp\/v2\/media\/1262"}],"wp:attachment":[{"href":"https:\/\/go-fishing.nl\/en\/wp-json\/wp\/v2\/media?parent=881"}],"wp:term":[{"taxonomy":"product_brand","embeddable":true,"href":"https:\/\/go-fishing.nl\/en\/wp-json\/wp\/v2\/product_brand?post=881"},{"taxonomy":"product_cat","embeddable":true,"href":"https:\/\/go-fishing.nl\/en\/wp-json\/wp\/v2\/product_cat?post=881"},{"taxonomy":"product_tag","embeddable":true,"href":"https:\/\/go-fishing.nl\/en\/wp-json\/wp\/v2\/product_tag?post=881"}],"curies":[{"name":"wp","href":"https:\/\/api.w.org\/{rel}","templated":true}]}}