{"id":1495,"date":"2025-11-30T04:30:02","date_gmt":"2025-11-30T04:30:02","guid":{"rendered":"https:\/\/go-fishing.nl\/?page_id=1495"},"modified":"2026-04-05T22:24:49","modified_gmt":"2026-04-05T22:24:49","slug":"o-nas","status":"publish","type":"page","link":"https:\/\/go-fishing.nl\/nl\/o-nas\/","title":{"rendered":"Over ons"},"content":{"rendered":"<div class=\"wp-block-image\">\n<figure class=\"aligncenter size-large\"><img loading=\"lazy\" decoding=\"async\" width=\"1024\" height=\"576\" src=\"https:\/\/go-fishing.nl\/wp-content\/uploads\/2025\/09\/Sandacz75bvk-1024x576.jpg\" alt=\"Go-Fishing.nl eigenaar met vis gevangen in Nederlandse wateren\" class=\"wp-image-256\" style=\"aspect-ratio:4\/3;object-fit:cover\" srcset=\"https:\/\/go-fishing.nl\/wp-content\/uploads\/2025\/09\/Sandacz75bvk-1024x576.jpg 1024w, https:\/\/go-fishing.nl\/wp-content\/uploads\/2025\/09\/Sandacz75bvk-1000x563.jpg 1000w, https:\/\/go-fishing.nl\/wp-content\/uploads\/2025\/09\/Sandacz75bvk-300x169.jpg 300w, https:\/\/go-fishing.nl\/wp-content\/uploads\/2025\/09\/Sandacz75bvk-768x432.jpg 768w, https:\/\/go-fishing.nl\/wp-content\/uploads\/2025\/09\/Sandacz75bvk-1536x864.jpg 1536w, https:\/\/go-fishing.nl\/wp-content\/uploads\/2025\/09\/Sandacz75bvk.jpg 1920w\" sizes=\"auto, (max-width: 1024px) 100vw, 1024px\" \/><\/figure>\n<\/div>\n\n\n<div class=\"wp-block-group alignfull is-content-justification-center\" style=\"margin-top:0;margin-bottom:0;padding-top:calc( 0.5 * var(--wp--style--root--padding-right, var(--wp--custom--gap--horizontal)));padding-right:var(--wp--style--root--padding-right, var(--wp--custom--gap--horizontal));padding-bottom:calc( 0.5 * var(--wp--style--root--padding-right, var(--wp--custom--gap--horizontal)));padding-left:var(--wp--style--root--padding-left, var(--wp--custom--gap--horizontal))\"><div class=\"wp-block-group__inner-container is-layout-constrained wp-container-core-group-is-layout-df757ecc wp-block-group-is-layout-constrained\">\n<div style=\"height:var(--wp--preset--spacing--20)\" aria-hidden=\"true\" class=\"wp-block-spacer\"><\/div>\n\n\n\n<h2 class=\"wp-block-heading\">Sklep stworzony z pasji do w\u0119dkarstwa.<\/h2>\n\n\n\n<p>Cze\u015b\u0107, nazywam si\u0119 B\u0142a\u017cej i jestem za\u0142o\u017cycielem tego sklepu. <br>Od siedmiu lat mieszkam w Holandii, gdzie rozwijam swoj\u0105 pasj\u0119 do w\u0119dkowania.  Sp\u0119dzaj\u0105c czas nad wod\u0105 w pi\u0119knych holenderskich krajobrazach, cz\u0119sto \u2014 jak zapewne wielu z nas \u2014 t\u0119skni\u0142em za przyn\u0119tami polskich marek. Brakowa\u0142o mi mi\u0119dzy innymi kogut\u00f3w czy gum z pracowni Qubi Lures.<\/p>\n\n\n\n<p>Pewnego dnia, wsp\u00f3lnie z moj\u0105 narzeczon\u0105 Julit\u0105 \u2014 studentk\u0105 kierunku <em>bedrijfskunde<\/em>, ucz\u0105cego jak prowadzi\u0107 dzia\u0142alno\u015b\u0107 w Holandii \u2014 postanowili\u015bmy po\u0142\u0105czy\u0107 nasze pasje i stworzy\u0107 sklep, kt\u00f3ry zapewni dost\u0119p do polskich przyn\u0119t, a jednocze\u015bnie b\u0119dzie promowa\u0142 rodzime marki na rynku holenderskim. Wierzymy, \u017ce Polska powinna by\u0107 dumna ze swoich produkt\u00f3w, kt\u00f3re nie tylko dor\u00f3wnuj\u0105 \u015bwiatowej konkurencji, ale cz\u0119sto j\u0105 przewy\u017cszaj\u0105.<\/p>\n\n\n\n<p>Kupuj\u0105c u nas, wspierasz ma\u0142y rodzinny biznes oraz polsk\u0105 gospodark\u0119 \u2014 wszystkie produkty pozyskujemy wy\u0142\u0105cznie z rodzimych hurtowni i sprowadzamy do Holandii.<\/p>\n\n\n\n<p>Po tym kr\u00f3tkim wst\u0119pie pozostaje mi jedynie zaprosi\u0107 Was do zapoznania si\u0119 z ofert\u0105 oraz blogiem. \u017bycz\u0119 wszystkim przyjemnego czasu na stronie i, co najwa\u017cniejsze, imponuj\u0105cych wynik\u00f3w nad wod\u0105!<\/p>\n\n\n\n<div class=\"wp-block-buttons is-content-justification-center is-layout-flex wp-container-core-buttons-is-layout-a89b3969 wp-block-buttons-is-layout-flex\">\n<div class=\"wp-block-button has-custom-width wp-block-button__width-25\"><a class=\"wp-block-button__link wp-element-button\" href=\"https:\/\/go-fishing.nl\/nl\/\">Winkel<\/a><\/div>\n\n\n\n<div class=\"wp-block-button has-custom-width wp-block-button__width-25\"><a class=\"wp-block-button__link has-text-align-center wp-element-button\" href=\"https:\/\/go-fishing.nl\/nl\/blog\/\">Blog<\/a><\/div>\n<\/div>\n\n\n\n<div style=\"height:var(--wp--preset--spacing--20)\" aria-hidden=\"true\" class=\"wp-block-spacer\"><\/div>\n<\/div><\/div>\n\n\n\n<p><\/p>","protected":false},"excerpt":{"rendered":"<p>Sklep stworzony z pasji do w\u0119dkarstwa. Cze\u015b\u0107, nazywam si\u0119 B\u0142a\u017cej i jestem za\u0142o\u017cycielem tego sklepu. Od siedmiu lat mieszkam w Holandii, gdzie rozwijam swoj\u0105 pasj\u0119 do w\u0119dkowania. Sp\u0119dzaj\u0105c czas nad wod\u0105 w pi\u0119knych holenderskich krajobrazach, cz\u0119sto \u2014 jak zapewne wielu z nas \u2014 t\u0119skni\u0142em za przyn\u0119tami polskich marek. Brakowa\u0142o mi mi\u0119dzy innymi kogut\u00f3w czy gum [&hellip;]<\/p>\n","protected":false},"author":1,"featured_media":0,"parent":0,"menu_order":0,"comment_status":"closed","ping_status":"closed","template":"","meta":{"footnotes":""},"class_list":["post-1495","page","type-page","status-publish","hentry"],"_links":{"self":[{"href":"https:\/\/go-fishing.nl\/nl\/wp-json\/wp\/v2\/pages\/1495","targetHints":{"allow":["GET"]}}],"collection":[{"href":"https:\/\/go-fishing.nl\/nl\/wp-json\/wp\/v2\/pages"}],"about":[{"href":"https:\/\/go-fishing.nl\/nl\/wp-json\/wp\/v2\/types\/page"}],"author":[{"embeddable":true,"href":"https:\/\/go-fishing.nl\/nl\/wp-json\/wp\/v2\/users\/1"}],"replies":[{"embeddable":true,"href":"https:\/\/go-fishing.nl\/nl\/wp-json\/wp\/v2\/comments?post=1495"}],"version-history":[{"count":6,"href":"https:\/\/go-fishing.nl\/nl\/wp-json\/wp\/v2\/pages\/1495\/revisions"}],"predecessor-version":[{"id":2926,"href":"https:\/\/go-fishing.nl\/nl\/wp-json\/wp\/v2\/pages\/1495\/revisions\/2926"}],"wp:attachment":[{"href":"https:\/\/go-fishing.nl\/nl\/wp-json\/wp\/v2\/media?parent=1495"}],"curies":[{"name":"wp","href":"https:\/\/api.w.org\/{rel}","templated":true}]}}