{"id":1497,"date":"2025-11-30T18:58:48","date_gmt":"2025-11-30T18:58:48","guid":{"rendered":"https:\/\/go-fishing.nl\/?page_id=1497"},"modified":"2026-02-04T14:35:47","modified_gmt":"2026-02-04T14:35:47","slug":"wysylka","status":"publish","type":"page","link":"https:\/\/go-fishing.nl\/nl\/wysylka\/","title":{"rendered":"wysylka"},"content":{"rendered":"<p>Verzending<\/p>\n\n\n\n<ul class=\"wp-block-list\">\n<li><strong>Obszar dostawy:<\/strong> Ca\u0142a Holandia<\/li>\n\n\n\n<li><strong>Czas realizacji:<\/strong> 1\u20132 dni robocze od momentu zaksi\u0119gowania p\u0142atno\u015bci<\/li>\n\n\n\n<li><strong>Firma kurierska:<\/strong> PostNL<\/li>\n\n\n\n<li><strong>\u015aledzenie przesy\u0142ki:<\/strong> Ka\u017cda paczka otrzymuje indywidualny numer Track &amp; Trace, dzi\u0119ki kt\u00f3remu mo\u017cesz na bie\u017c\u0105co sprawdza\u0107 status dostawy online.<\/li>\n<\/ul>\n\n\n\n<p>Jak to dzia\u0142a?<\/p>\n\n\n\n<ol class=\"wp-block-list\">\n<li>Po z\u0142o\u017ceniu zam\u00f3wienia i zaksi\u0119gowaniu p\u0142atno\u015bci przygotowujemy paczk\u0119 do wysy\u0142ki.<\/li>\n\n\n\n<li>Przekazujemy j\u0105 kurierowi PostNL.<\/li>\n\n\n\n<li>Otrzymasz e-mail z numerem Track &amp; Trace, kt\u00f3ry pozwoli Ci \u015bledzi\u0107 przesy\u0142k\u0119 od momentu nadania a\u017c do dor\u0119czenia.<\/li>\n<\/ol>\n\n\n\n<p><strong>Gwarancja szybko\u015bci i bezpiecze\u0144stwa<\/strong><\/p>\n\n\n\n<p class=\"has-text-align-left\">Dzi\u0119ki wsp\u00f3\u0142pracy z PostNL masz pewno\u015b\u0107, \u017ce Twoje zam\u00f3wienie dotrze szybko i bezpiecznie. Standardowy czas dostawy to <strong>1\u20132 dni robocze<\/strong>, a w wyj\u0105tkowych sytuacjach mo\u017ce si\u0119 nieznacznie wyd\u0142u\u017cy\u0107 (np. w okresach \u015bwi\u0105tecznych).<\/p>\n\n\n\n<p><\/p>","protected":false},"excerpt":{"rendered":"<p>Wysy\u0142ka Jak to dzia\u0142a? Gwarancja szybko\u015bci i bezpiecze\u0144stwa Dzi\u0119ki wsp\u00f3\u0142pracy z PostNL masz pewno\u015b\u0107, \u017ce Twoje zam\u00f3wienie dotrze szybko i bezpiecznie. Standardowy czas dostawy to 1\u20132 dni robocze, a w wyj\u0105tkowych sytuacjach mo\u017ce si\u0119 nieznacznie wyd\u0142u\u017cy\u0107 (np. w okresach \u015bwi\u0105tecznych).<\/p>","protected":false},"author":1,"featured_media":0,"parent":0,"menu_order":0,"comment_status":"closed","ping_status":"closed","template":"","meta":{"footnotes":""},"class_list":["post-1497","page","type-page","status-publish","hentry"],"_links":{"self":[{"href":"https:\/\/go-fishing.nl\/nl\/wp-json\/wp\/v2\/pages\/1497","targetHints":{"allow":["GET"]}}],"collection":[{"href":"https:\/\/go-fishing.nl\/nl\/wp-json\/wp\/v2\/pages"}],"about":[{"href":"https:\/\/go-fishing.nl\/nl\/wp-json\/wp\/v2\/types\/page"}],"author":[{"embeddable":true,"href":"https:\/\/go-fishing.nl\/nl\/wp-json\/wp\/v2\/users\/1"}],"replies":[{"embeddable":true,"href":"https:\/\/go-fishing.nl\/nl\/wp-json\/wp\/v2\/comments?post=1497"}],"version-history":[{"count":1,"href":"https:\/\/go-fishing.nl\/nl\/wp-json\/wp\/v2\/pages\/1497\/revisions"}],"predecessor-version":[{"id":1498,"href":"https:\/\/go-fishing.nl\/nl\/wp-json\/wp\/v2\/pages\/1497\/revisions\/1498"}],"wp:attachment":[{"href":"https:\/\/go-fishing.nl\/nl\/wp-json\/wp\/v2\/media?parent=1497"}],"curies":[{"name":"wp","href":"https:\/\/api.w.org\/{rel}","templated":true}]}}