{"id":95,"date":"2025-08-05T17:02:54","date_gmt":"2025-08-05T17:02:54","guid":{"rendered":"https:\/\/go-fishing.nl\/?page_id=95"},"modified":"2026-01-15T11:29:06","modified_gmt":"2026-01-15T11:29:06","slug":"kontakt","status":"publish","type":"page","link":"https:\/\/go-fishing.nl\/nl\/kontakt\/","title":{"rendered":"Contact"},"content":{"rendered":"\n<h1 class=\"wp-block-heading has-text-align-center has-luminous-vivid-orange-color has-text-color has-link-color wp-elements-6f0e3c3dc768bd255dcf23f90990f135\">Kontakt<\/h1>\n\n\n<p>Masz pytania dotycz\u0105ce produkt\u00f3w, zam\u00f3wienia lub dost\u0119pno\u015bci? Wype\u0142nij formularz kontaktowy, a odpowiemy tak szybko, jak to mo\u017cliwe. Ch\u0119tnie doradzimy w wyborze sprz\u0119tu i przyn\u0119t.<\/p>\n\n\n<div class=\"wp-block-group alignfull is-content-justification-center\" style=\"margin-top:0;margin-bottom:0;padding-top:calc( 0.5 * var(--wp--style--root--padding-right, var(--wp--custom--gap--horizontal)));padding-right:var(--wp--style--root--padding-right, var(--wp--custom--gap--horizontal));padding-bottom:calc( 0.5 * var(--wp--style--root--padding-right, var(--wp--custom--gap--horizontal)));padding-left:var(--wp--style--root--padding-left, var(--wp--custom--gap--horizontal))\"><div class=\"wp-block-group__inner-container is-layout-constrained wp-container-core-group-is-layout-df757ecc wp-block-group-is-layout-constrained\">\n<div style=\"height:calc( 0.25 * var(--wp--style--root--padding-right, var(--wp--custom--gap--horizontal)))\" aria-hidden=\"true\" class=\"wp-block-spacer\"><\/div>\n\n\n\n<div style=\"height:calc( 0.25 * var(--wp--style--root--padding-right, var(--wp--custom--gap--horizontal)))\" aria-hidden=\"true\" class=\"wp-block-spacer\"><\/div>\n<\/div><\/div>\n\n\n<div class='fluentform ff-default fluentform_wrapper_3  ff_guten_block ff_guten_block-3 ffs_default_wrap'><form data-form_id=\"3\" id=\"fluentform_3\" class=\"frm-fluent-form fluent_form_3 ff-el-form-top ff_form_instance_3_1 ff-form-loading ffs_default\" data-form_instance=\"ff_form_instance_3_1\" method=\"POST\" ><fieldset  style=\"border: none!important;margin: 0!important;padding: 0!important;background-color: transparent!important;box-shadow: none!important;outline: none!important; min-inline-size: 100%;\">\n                    <legend class=\"ff_screen_reader_title\" style=\"display: block; margin: 0!important;padding: 0!important;height: 0!important;text-indent: -999999px;width: 0!important;overflow:hidden;\">Support Form (#3)<\/legend><input type='hidden' name='__fluent_form_embded_post_id' value='95' \/><input type=\"hidden\" id=\"_fluentform_3_fluentformnonce\" name=\"_fluentform_3_fluentformnonce\" value=\"cca63a340f\" \/><input type=\"hidden\" name=\"_wp_http_referer\" value=\"\/nl\/wp-json\/wp\/v2\/pages\/95\" \/><div data-type=\"name-element\" data-name=\"names\" class=\" ff-field_container ff-name-field-wrapper\" ><div class='ff-t-container'><div class='ff-t-cell '><div class='ff-el-group'><div class=\"ff-el-input--label ff-el-is-required asterisk-right\"><label for='ff_3_names_first_name_' id='label_ff_3_names_first_name_' >Imie<\/label><\/div><div class='ff-el-input--content'><input type=\"text\" name=\"names[first_name]\" id=\"ff_3_names_first_name_\" class=\"ff-el-form-control\" placeholder=\"Twoje imie\" aria-invalid=\"false\" aria-required=true><\/div><\/div><\/div><\/div><\/div><div class='ff-el-group'><div class=\"ff-el-input--label ff-el-is-required asterisk-right\"><label for='ff_3_email' id='label_ff_3_email' aria-label=\"Email\">Email<\/label><\/div><div class='ff-el-input--content'><input type=\"email\" name=\"email\" id=\"ff_3_email\" class=\"ff-el-form-control\" placeholder=\"Tw\u00f3j adres e-mail\" data-name=\"email\"  aria-invalid=\"false\" aria-required=true><\/div><\/div><div class='ff-el-group'><div class=\"ff-el-input--label asterisk-right\"><label for='ff_3_description' id='label_ff_3_description' aria-label=\"Wiadomo\u015b\u0107\">Wiadomo\u015b\u0107<\/label><\/div><div class='ff-el-input--content'><textarea aria-required=\"false\" aria-labelledby=\"label_ff_3_description\" name=\"description\" id=\"ff_3_description\" class=\"ff-el-form-control\" rows=\"4\" cols=\"2\" data-name=\"description\" ><\/textarea><\/div><\/div><div class='ff-el-group ff-text-left ff_submit_btn_wrapper'><button type=\"submit\" class=\"ff-btn ff-btn-submit ff-btn-md ff_btn_style\"  aria-label=\"Wy\u015blij\">Wy\u015blij<\/button><\/div><\/fieldset><\/form><div id='fluentform_3_errors' class='ff-errors-in-stack ff_form_instance_3_1 ff-form-loading_errors ff_form_instance_3_1_errors'><\/div><\/div>            <script type=\"text\/javascript\">\n                window.fluent_form_ff_form_instance_3_1 = {\"id\":\"3\",\"settings\":{\"layout\":{\"labelPlacement\":\"top\",\"asteriskPlacement\":\"asterisk-right\",\"helpMessagePlacement\":\"with_label\",\"errorMessagePlacement\":\"inline\",\"cssClassName\":\"\"},\"restrictions\":{\"denyEmptySubmission\":{\"enabled\":false}}},\"form_instance\":\"ff_form_instance_3_1\",\"form_id_selector\":\"fluentform_3\",\"rules\":{\"names[first_name]\":{\"required\":{\"value\":true,\"message\":\"Dit veld is vereist\",\"global_message\":\"This field is required\",\"global\":true}},\"names[middle_name]\":{\"required\":{\"value\":false,\"message\":\"Dit veld is vereist\",\"global_message\":\"This field is required\",\"global\":true}},\"names[last_name]\":{\"required\":{\"value\":false,\"message\":\"Dit veld is vereist\",\"global_message\":\"This field is required\",\"global\":true}},\"email\":{\"required\":{\"value\":true,\"message\":\"Email field is required\",\"global\":false,\"global_message\":\"This field is required\"},\"email\":{\"value\":true,\"message\":\"Dit veld moet een geldig e-mailadres bevatten\",\"global\":true,\"global_message\":\"This field must contain a valid email\"}},\"description\":{\"required\":{\"value\":false,\"message\":\"Dit veld is vereist\",\"global\":true,\"global_message\":\"This field is required\"}}},\"debounce_time\":300};\n                            <\/script>\n            \n\n\n<p>Strona kontaktowa to najszybszy spos\u00f3b, aby uzyska\u0107 pomoc w sprawie produkt\u00f3w, zam\u00f3wie\u0144 lub dost\u0119pno\u015bci sprz\u0119tu. Jeste\u015bmy tu, aby wspiera\u0107 polskich w\u0119dkarzy w Holandii i doradza\u0107 w wyborze przyn\u0119t, w\u0119dek oraz akcesori\u00f3w dopasowanych do lokalnych warunk\u00f3w.<\/p>\n\n\n\n<p>Wype\u0142nij formularz, a nasz zesp\u00f3\u0142 odpowie na Twoj\u0105 wiadomo\u015b\u0107 tak szybko, jak to mo\u017cliwe. Staramy si\u0119 udziela\u0107 odpowiedzi w kr\u00f3tkim czasie, aby\u015b m\u00f3g\u0142 bez problemu przygotowa\u0107 si\u0119 do kolejnego wyjazdu na ryby.<\/p>\n\n\n\n<p>Je\u015bli potrzebujesz pomocy przy wyborze sprz\u0119tu, masz pytania dotycz\u0105ce dostawy lub chcesz uzyska\u0107 dodatkowe informacje o produktach \u2014 jeste\u015bmy do Twojej dyspozycji.<\/p>\n","protected":false},"excerpt":{"rendered":"<p>Kontakt Masz pytania dotycz\u0105ce produkt\u00f3w, zam\u00f3wienia lub dost\u0119pno\u015bci? Wype\u0142nij formularz kontaktowy, a odpowiemy tak szybko, jak to mo\u017cliwe. Ch\u0119tnie doradzimy w wyborze sprz\u0119tu i przyn\u0119t. Strona kontaktowa to najszybszy spos\u00f3b, aby uzyska\u0107 pomoc w sprawie produkt\u00f3w, zam\u00f3wie\u0144 lub dost\u0119pno\u015bci sprz\u0119tu. Jeste\u015bmy tu, aby wspiera\u0107 polskich w\u0119dkarzy w Holandii i doradza\u0107 w wyborze przyn\u0119t, w\u0119dek oraz [&hellip;]<\/p>\n","protected":false},"author":1,"featured_media":0,"parent":0,"menu_order":0,"comment_status":"closed","ping_status":"closed","template":"","meta":{"footnotes":""},"class_list":["post-95","page","type-page","status-publish","hentry"],"_links":{"self":[{"href":"https:\/\/go-fishing.nl\/nl\/wp-json\/wp\/v2\/pages\/95","targetHints":{"allow":["GET"]}}],"collection":[{"href":"https:\/\/go-fishing.nl\/nl\/wp-json\/wp\/v2\/pages"}],"about":[{"href":"https:\/\/go-fishing.nl\/nl\/wp-json\/wp\/v2\/types\/page"}],"author":[{"embeddable":true,"href":"https:\/\/go-fishing.nl\/nl\/wp-json\/wp\/v2\/users\/1"}],"replies":[{"embeddable":true,"href":"https:\/\/go-fishing.nl\/nl\/wp-json\/wp\/v2\/comments?post=95"}],"version-history":[{"count":5,"href":"https:\/\/go-fishing.nl\/nl\/wp-json\/wp\/v2\/pages\/95\/revisions"}],"predecessor-version":[{"id":2072,"href":"https:\/\/go-fishing.nl\/nl\/wp-json\/wp\/v2\/pages\/95\/revisions\/2072"}],"wp:attachment":[{"href":"https:\/\/go-fishing.nl\/nl\/wp-json\/wp\/v2\/media?parent=95"}],"curies":[{"name":"wp","href":"https:\/\/api.w.org\/{rel}","templated":true}]}}