{"id":1083,"date":"2025-10-11T05:51:16","date_gmt":"2025-10-11T05:51:16","guid":{"rendered":"https:\/\/go-fishing.nl\/?post_type=product&#038;p=1083"},"modified":"2026-02-02T09:57:15","modified_gmt":"2026-02-02T09:57:15","slug":"mikado-mft-perch-10cm","status":"publish","type":"product","link":"https:\/\/go-fishing.nl\/nl\/product\/mikado-mft-perch-10cm\/","title":{"rendered":"Mikado MFT Perch 10cm"},"content":{"rendered":"<p><!--StartFragment --><\/p>\n<p>MFT Perch to przyn\u0119ta gumowa typu paddle tail, przeznaczona do po\u0142owu sandaczy oraz szczupak\u00f3w. Realistyczna, r\u0119cznie malowana sylwetka okonia z detalami 3D jest wykonana bardzo precyzyjnie. Pracuje stabilnie przy jednostajnym prowadzeniu i w opadzie. Mi\u0119kki materia\u0142 u\u0142atwia zbrojenie i zapewnia dobr\u0105 prac\u0119 przy niskich pr\u0119dko\u015bciach.<\/p>\n<p>Specificatie:<\/p>\n<ul>\n<li>Typ: realistyczna przyn\u0119ta gumowa<\/li>\n<li>D\u0142ugo\u015b\u0107: 10 cm<\/li>\n<li>Waga: 14 g<\/li>\n<li>Kszta\u0142t: wierne odwzorowanie okonia<\/li>\n<li>Detale: \u0142uski, p\u0142etwy, oczy 3D<\/li>\n<li>Zbrojenie: g\u0142\u00f3wka jigowa \/ dozbrojka typu stinger<\/li>\n<li>Doel: Snoekbaars, snoek<\/li>\n<\/ul>\n<p><!--EndFragment --><\/p>","protected":false},"excerpt":{"rendered":"<p>Przyn\u0119ta gumowa typu paddle tail realistycznie udaj\u0105ca okonia. Mi\u0119kki materia\u0142, wyra\u017ana praca ogona i detale 3D sprawiaj\u0105, \u017ce doskonale sprawdza si\u0119 przy po\u0142owie sandaczy i szczupak\u00f3w.<\/p>","protected":false},"featured_media":1372,"comment_status":"open","ping_status":"closed","template":"","meta":[],"product_brand":[34],"product_cat":[25,317,318],"product_tag":[218,221,217,210],"class_list":{"0":"post-1083","1":"product","2":"type-product","3":"status-publish","4":"has-post-thumbnail","6":"product_brand-mikado","7":"product_cat-miekkie","8":"product_cat-sandacz","9":"product_cat-szczupak","10":"product_tag-duzy-okon","11":"product_tag-realistyczny-okon","12":"product_tag-sandacz","13":"product_tag-szczupak","15":"first","16":"instock","17":"shipping-taxable","18":"purchasable","19":"product-type-variable"},"_links":{"self":[{"href":"https:\/\/go-fishing.nl\/nl\/wp-json\/wp\/v2\/product\/1083","targetHints":{"allow":["GET"]}}],"collection":[{"href":"https:\/\/go-fishing.nl\/nl\/wp-json\/wp\/v2\/product"}],"about":[{"href":"https:\/\/go-fishing.nl\/nl\/wp-json\/wp\/v2\/types\/product"}],"replies":[{"embeddable":true,"href":"https:\/\/go-fishing.nl\/nl\/wp-json\/wp\/v2\/comments?post=1083"}],"wp:featuredmedia":[{"embeddable":true,"href":"https:\/\/go-fishing.nl\/nl\/wp-json\/wp\/v2\/media\/1372"}],"wp:attachment":[{"href":"https:\/\/go-fishing.nl\/nl\/wp-json\/wp\/v2\/media?parent=1083"}],"wp:term":[{"taxonomy":"product_brand","embeddable":true,"href":"https:\/\/go-fishing.nl\/nl\/wp-json\/wp\/v2\/product_brand?post=1083"},{"taxonomy":"product_cat","embeddable":true,"href":"https:\/\/go-fishing.nl\/nl\/wp-json\/wp\/v2\/product_cat?post=1083"},{"taxonomy":"product_tag","embeddable":true,"href":"https:\/\/go-fishing.nl\/nl\/wp-json\/wp\/v2\/product_tag?post=1083"}],"curies":[{"name":"wp","href":"https:\/\/api.w.org\/{rel}","templated":true}]}}