{"id":1091,"date":"2025-10-11T06:01:12","date_gmt":"2025-10-11T06:01:12","guid":{"rendered":"https:\/\/go-fishing.nl\/?post_type=product&#038;p=1091"},"modified":"2026-01-27T05:59:14","modified_gmt":"2026-01-27T05:59:14","slug":"select-easy-shad-12-5cm","status":"publish","type":"product","link":"https:\/\/go-fishing.nl\/nl\/product\/select-easy-shad-12-5cm\/","title":{"rendered":"Select Easy Shad 12,5cm"},"content":{"rendered":"<p><!--StartFragment --><\/p>\n<p>Klasyczna przyn\u0119ta gumowa typu ripper, o wyd\u0142u\u017conej, smuk\u0142ej sylwetce i aktywnym ogonie typu paddle tail. Wykonana z bardzo mi\u0119kkiego silikonu, kt\u00f3ry zapewnia naturaln\u0105 prac\u0119 nawet przy wolnym prowadzeniu. Doskona\u0142a do \u0142owienia sandaczy, szczupak\u00f3w oraz du\u017cych okoni \u2013 zar\u00f3wno z opadu, jak i w klasycznym prowadzeniu.<\/p>\n<p>Specificatie:<\/p>\n<ul>\n<li>Type: ripper<\/li>\n<li>D\u0142ugo\u015b\u0107: 12,5 cm<\/li>\n<li>Waga: ok. 11 g<\/li>\n<li>Kszta\u0142t: smuk\u0142y, wyd\u0142u\u017cony<\/li>\n<li>Materia\u0142: bardzo mi\u0119kki silikon<\/li>\n<li>Zbrojenie: g\u0142\u00f3wka jigowa \/offset<\/li>\n<li>Przeznaczenie: sandacz, szczupak, du\u017cy oko\u0144<\/li>\n<\/ul>\n<p><!--EndFragment --><\/p>","protected":false},"excerpt":{"rendered":"<p>Smuk\u0142a przyn\u0119ta z aktywnym ogonem, wykonana z mi\u0119kkiego silikonu. Dobrze pracuje w opadzie i przy jednostajnym prowadzeniu. Sprawdzona na sandacze, szczupaki i okonie.<\/p>","protected":false},"featured_media":1447,"comment_status":"open","ping_status":"closed","template":"","meta":[],"product_brand":[90],"product_cat":[25],"product_tag":[218,217,239,238,240],"class_list":{"0":"post-1091","1":"product","2":"type-product","3":"status-publish","4":"has-post-thumbnail","6":"product_brand-select","7":"product_cat-miekkie","8":"product_tag-duzy-okon","9":"product_tag-sandacz","10":"product_tag-select","11":"product_tag-shiner","12":"product_tag-tanio","14":"first","15":"instock","16":"shipping-taxable","17":"purchasable","18":"product-type-variable"},"_links":{"self":[{"href":"https:\/\/go-fishing.nl\/nl\/wp-json\/wp\/v2\/product\/1091","targetHints":{"allow":["GET"]}}],"collection":[{"href":"https:\/\/go-fishing.nl\/nl\/wp-json\/wp\/v2\/product"}],"about":[{"href":"https:\/\/go-fishing.nl\/nl\/wp-json\/wp\/v2\/types\/product"}],"replies":[{"embeddable":true,"href":"https:\/\/go-fishing.nl\/nl\/wp-json\/wp\/v2\/comments?post=1091"}],"wp:featuredmedia":[{"embeddable":true,"href":"https:\/\/go-fishing.nl\/nl\/wp-json\/wp\/v2\/media\/1447"}],"wp:attachment":[{"href":"https:\/\/go-fishing.nl\/nl\/wp-json\/wp\/v2\/media?parent=1091"}],"wp:term":[{"taxonomy":"product_brand","embeddable":true,"href":"https:\/\/go-fishing.nl\/nl\/wp-json\/wp\/v2\/product_brand?post=1091"},{"taxonomy":"product_cat","embeddable":true,"href":"https:\/\/go-fishing.nl\/nl\/wp-json\/wp\/v2\/product_cat?post=1091"},{"taxonomy":"product_tag","embeddable":true,"href":"https:\/\/go-fishing.nl\/nl\/wp-json\/wp\/v2\/product_tag?post=1091"}],"curies":[{"name":"wp","href":"https:\/\/api.w.org\/{rel}","templated":true}]}}