{"id":1098,"date":"2025-10-11T06:04:50","date_gmt":"2025-10-11T06:04:50","guid":{"rendered":"https:\/\/go-fishing.nl\/?post_type=product&#038;p=1098"},"modified":"2026-02-02T09:53:13","modified_gmt":"2026-02-02T09:53:13","slug":"select-easy-shad-7-5cm","status":"publish","type":"product","link":"https:\/\/go-fishing.nl\/nl\/product\/select-easy-shad-7-5cm\/","title":{"rendered":"Select Easy Shad 7,5cm"},"content":{"rendered":"<p><!--StartFragment --><\/p>\n<p>Przyn\u0119ta gumowa typu ripper o smuk\u0142ej sylwetce, przeznaczona do po\u0142owu okoni, sandaczy i szczupak\u00f3w w lekkim zestawie. Wykonana z bardzo mi\u0119kkiego silikonu, kt\u00f3ry aktywuje prac\u0119 ogona ju\u017c przy wolnym prowadzeniu. Sprawdza si\u0119 zar\u00f3wno w klasycznym opadzie, jak i przy jednostajnym \u015bci\u0105ganiu czy dropshocie.<\/p>\n<p>Specificatie:<\/p>\n<ul>\n<li>Type: ripper<\/li>\n<li>Opakowanie: 5 sztuk<\/li>\n<li>D\u0142ugo\u015b\u0107: 7,5 cm<\/li>\n<li>Waga: ok. 3,5 g<\/li>\n<li>Kszta\u0142t: smuk\u0142y, wyd\u0142u\u017cony<\/li>\n<li>Materia\u0142: bardzo mi\u0119kki silikon<\/li>\n<li>Zbrojenie: g\u0142\u00f3wka jigowa \/ offset \/ dropshot<\/li>\n<li class=\"translation-block\"><strong>Targetvissen:<\/strong> baars, snoekbaars, snoek<\/li>\n<\/ul>\n<p><!--EndFragment --><\/p>","protected":false},"excerpt":{"rendered":"<p>Select Easy Shad 7,5 cm to mi\u0119kka, skuteczna guma o intensywnej pracy ogonem. Idealna na okonia i sandacza w holenderskich kana\u0142ach i rzekach.<\/p>","protected":false},"featured_media":1482,"comment_status":"open","ping_status":"closed","template":"","meta":[],"product_brand":[90],"product_cat":[316,25,317],"product_tag":[225,218,217,210],"class_list":{"0":"post-1098","1":"product","2":"type-product","3":"status-publish","4":"has-post-thumbnail","6":"product_brand-select","7":"product_cat-okon","8":"product_cat-miekkie","9":"product_cat-sandacz","10":"product_tag-drop-shot","11":"product_tag-duzy-okon","12":"product_tag-sandacz","13":"product_tag-szczupak","15":"first","16":"instock","17":"shipping-taxable","18":"purchasable","19":"product-type-variable"},"_links":{"self":[{"href":"https:\/\/go-fishing.nl\/nl\/wp-json\/wp\/v2\/product\/1098","targetHints":{"allow":["GET"]}}],"collection":[{"href":"https:\/\/go-fishing.nl\/nl\/wp-json\/wp\/v2\/product"}],"about":[{"href":"https:\/\/go-fishing.nl\/nl\/wp-json\/wp\/v2\/types\/product"}],"replies":[{"embeddable":true,"href":"https:\/\/go-fishing.nl\/nl\/wp-json\/wp\/v2\/comments?post=1098"}],"wp:featuredmedia":[{"embeddable":true,"href":"https:\/\/go-fishing.nl\/nl\/wp-json\/wp\/v2\/media\/1482"}],"wp:attachment":[{"href":"https:\/\/go-fishing.nl\/nl\/wp-json\/wp\/v2\/media?parent=1098"}],"wp:term":[{"taxonomy":"product_brand","embeddable":true,"href":"https:\/\/go-fishing.nl\/nl\/wp-json\/wp\/v2\/product_brand?post=1098"},{"taxonomy":"product_cat","embeddable":true,"href":"https:\/\/go-fishing.nl\/nl\/wp-json\/wp\/v2\/product_cat?post=1098"},{"taxonomy":"product_tag","embeddable":true,"href":"https:\/\/go-fishing.nl\/nl\/wp-json\/wp\/v2\/product_tag?post=1098"}],"curies":[{"name":"wp","href":"https:\/\/api.w.org\/{rel}","templated":true}]}}