{"id":1105,"date":"2025-10-11T06:12:47","date_gmt":"2025-10-11T06:12:47","guid":{"rendered":"https:\/\/go-fishing.nl\/?post_type=product&#038;p=1105"},"modified":"2026-01-29T18:23:06","modified_gmt":"2026-01-29T18:23:06","slug":"select-boozer-10cm","status":"publish","type":"product","link":"https:\/\/go-fishing.nl\/nl\/product\/select-boozer-10cm\/","title":{"rendered":"Select Boozer 10cm"},"content":{"rendered":"<p><!--StartFragment --><\/p>\n<p>Select Boozer 10 cm to du\u017ca, selektywna guma spinningowa zaprojektowana do \u0142owienia szczupak\u00f3w i sandaczy. Jej szeroka, intensywna praca ogonem oraz mocne migotanie \u015bwietnie prowokuj\u0105 drapie\u017cniki nawet przy wolnym prowadzeniu.<\/p>\n<p>Sprawdza si\u0119 w kana\u0142ach i rzekach Holandii, zar\u00f3wno przy klasycznym prowadzeniu po dnie, jak i przy wolnym, jednostajnym zwijaniu. To przyn\u0119ta stworzona do miejsc, w kt\u00f3rych kr\u0119c\u0105 si\u0119 wi\u0119ksze drapie\u017cniki.<\/p>\n<p>Specificatie:<\/p>\n<ul>\n<li>Typ: shad<\/li>\n<li>D\u0142ugo\u015b\u0107: 10 cm<\/li>\n<li>Waga: ok. 7,5 g<\/li>\n<li>Sylwetka: masywna, szeroka<\/li>\n<li>Materia\u0142: mi\u0119kka guma<\/li>\n<li>Zbrojenie: g\u0142\u00f3wka jigowa<\/li>\n<li>Przeznaczenie: szczupak, sandacz, du\u017cy oko\u0144<\/li>\n<\/ul>\n<p><!--EndFragment --><\/p>","protected":false},"excerpt":{"rendered":"<p>Masywna guma o intensywnej pracy korpusu i szerokiego ogona. Skuteczna na szczupaki i sandacze, szczeg\u00f3lnie przy wolnym prowadzeniu i w opadzie.<\/p>","protected":false},"featured_media":1477,"comment_status":"open","ping_status":"closed","template":"","meta":[],"product_brand":[90],"product_cat":[25,317,318],"product_tag":[218,315,217,239,210],"class_list":{"0":"post-1105","1":"product","2":"type-product","3":"status-publish","4":"has-post-thumbnail","6":"product_brand-select","7":"product_cat-miekkie","8":"product_cat-sandacz","9":"product_cat-szczupak","10":"product_tag-duzy-okon","11":"product_tag-przynety","12":"product_tag-sandacz","13":"product_tag-select","14":"product_tag-szczupak","16":"first","17":"instock","18":"shipping-taxable","19":"purchasable","20":"product-type-variable"},"_links":{"self":[{"href":"https:\/\/go-fishing.nl\/nl\/wp-json\/wp\/v2\/product\/1105","targetHints":{"allow":["GET"]}}],"collection":[{"href":"https:\/\/go-fishing.nl\/nl\/wp-json\/wp\/v2\/product"}],"about":[{"href":"https:\/\/go-fishing.nl\/nl\/wp-json\/wp\/v2\/types\/product"}],"replies":[{"embeddable":true,"href":"https:\/\/go-fishing.nl\/nl\/wp-json\/wp\/v2\/comments?post=1105"}],"wp:featuredmedia":[{"embeddable":true,"href":"https:\/\/go-fishing.nl\/nl\/wp-json\/wp\/v2\/media\/1477"}],"wp:attachment":[{"href":"https:\/\/go-fishing.nl\/nl\/wp-json\/wp\/v2\/media?parent=1105"}],"wp:term":[{"taxonomy":"product_brand","embeddable":true,"href":"https:\/\/go-fishing.nl\/nl\/wp-json\/wp\/v2\/product_brand?post=1105"},{"taxonomy":"product_cat","embeddable":true,"href":"https:\/\/go-fishing.nl\/nl\/wp-json\/wp\/v2\/product_cat?post=1105"},{"taxonomy":"product_tag","embeddable":true,"href":"https:\/\/go-fishing.nl\/nl\/wp-json\/wp\/v2\/product_tag?post=1105"}],"curies":[{"name":"wp","href":"https:\/\/api.w.org\/{rel}","templated":true}]}}