{"id":1124,"date":"2025-10-11T16:51:01","date_gmt":"2025-10-11T16:51:01","guid":{"rendered":"https:\/\/go-fishing.nl\/?post_type=product&#038;p=1124"},"modified":"2026-04-10T21:07:19","modified_gmt":"2026-04-10T21:07:19","slug":"manyfiktwitch-pike-13cm","status":"publish","type":"product","link":"https:\/\/go-fishing.nl\/nl\/product\/manyfiktwitch-pike-13cm\/","title":{"rendered":"ManyfikTwitch Snoek 13cm"},"content":{"rendered":"<p><!--StartFragment --><\/p>\n<p>Wobler twitchingowy zaprojektowany specjalnie do po\u0142owu szczupak\u00f3w. R\u0119cznie malowany korpus z realistycznymi detalami i system grzechotkowy z metalowymi kulkami pozwala na dalekie rzuty i prowokuje drapie\u017cniki d\u017awi\u0119kiem. Przyn\u0119ta ma neutraln\u0105 wyporno\u015b\u0107, dzi\u0119ki czemu zawisa w wodzie podczas pauz, skutecznie imituj\u0105c zranion\u0105 ryb\u0119. Najlepsze efekty daje prowadzenie z kr\u00f3tkimi szarpni\u0119ciami i zmienn\u0105 pr\u0119dko\u015bci\u0105.<\/p>\n<p>Specificatie:<\/p>\n<ul>\n<li>Type: trillende wiebelaar<\/li>\n<li>D\u0142ugo\u015b\u0107: 13 cm<\/li>\n<li>Waga: 23 g<\/li>\n<li>Verplaatsing: neutraal<\/li>\n<li>G\u0142\u0119boko\u015b\u0107 pracy: 1,5\u20132 m)<\/li>\n<li>Korpus: r\u0119cznie malowany<\/li>\n<li>Przeznaczenie: szczupak<\/li>\n<\/ul>\n<p><!--EndFragment --><\/p>","protected":false},"excerpt":{"rendered":"<p>Starannie r\u0119cznie malowany wobler twitchingowy o neutralnej wyporno\u015bci. Dzi\u0119ki systemowi grzechotkowemu i realistycznej pracy podczas pauz doskonale imituje zranion\u0105 ryb\u0119, skutecznie prowokuj\u0105c szczupaki do ataku.<\/p>","protected":false},"featured_media":1440,"comment_status":"open","ping_status":"closed","template":"","meta":[],"product_brand":[155],"product_cat":[318,154],"product_tag":[228,234,233,210,235,230],"class_list":{"0":"post-1124","1":"product","2":"type-product","3":"status-publish","4":"has-post-thumbnail","6":"product_brand-manyfik","7":"product_cat-szczupak","8":"product_cat-woblery","9":"product_tag-hand-made","10":"product_tag-na-jezioro","11":"product_tag-na-rzeke","12":"product_tag-szczupak","13":"product_tag-twitching","14":"product_tag-wobler","16":"first","17":"instock","18":"sale","19":"shipping-taxable","20":"purchasable","21":"product-type-variable"},"_links":{"self":[{"href":"https:\/\/go-fishing.nl\/nl\/wp-json\/wp\/v2\/product\/1124","targetHints":{"allow":["GET"]}}],"collection":[{"href":"https:\/\/go-fishing.nl\/nl\/wp-json\/wp\/v2\/product"}],"about":[{"href":"https:\/\/go-fishing.nl\/nl\/wp-json\/wp\/v2\/types\/product"}],"replies":[{"embeddable":true,"href":"https:\/\/go-fishing.nl\/nl\/wp-json\/wp\/v2\/comments?post=1124"}],"wp:featuredmedia":[{"embeddable":true,"href":"https:\/\/go-fishing.nl\/nl\/wp-json\/wp\/v2\/media\/1440"}],"wp:attachment":[{"href":"https:\/\/go-fishing.nl\/nl\/wp-json\/wp\/v2\/media?parent=1124"}],"wp:term":[{"taxonomy":"product_brand","embeddable":true,"href":"https:\/\/go-fishing.nl\/nl\/wp-json\/wp\/v2\/product_brand?post=1124"},{"taxonomy":"product_cat","embeddable":true,"href":"https:\/\/go-fishing.nl\/nl\/wp-json\/wp\/v2\/product_cat?post=1124"},{"taxonomy":"product_tag","embeddable":true,"href":"https:\/\/go-fishing.nl\/nl\/wp-json\/wp\/v2\/product_tag?post=1124"}],"curies":[{"name":"wp","href":"https:\/\/api.w.org\/{rel}","templated":true}]}}