{"id":1159,"date":"2025-10-12T13:33:08","date_gmt":"2025-10-12T13:33:08","guid":{"rendered":"https:\/\/go-fishing.nl\/?post_type=product&#038;p=1159"},"modified":"2026-02-02T09:38:26","modified_gmt":"2026-02-02T09:38:26","slug":"surflon-1x7-25cm-13kg","status":"publish","type":"product","link":"https:\/\/go-fishing.nl\/nl\/product\/surflon-1x7-25cm-13kg\/","title":{"rendered":"Surflon 1&#215;7 25cm\/13kg"},"content":{"rendered":"<p><!--StartFragment --><\/p>\n<p>Surflon 1&#215;7 25cm 13kg to mocny przypon stalowy z serii <strong>Classic<\/strong>, wykonany z siedmiu cienkich drut\u00f3w stalowych splecionych w elastyczn\u0105 link\u0119 i pokrytych nylonow\u0105 pow\u0142ok\u0105. Dzi\u0119ki temu jest odporny na przetarcia i z\u0119by drapie\u017cnik\u00f3w, a jednocze\u015bnie zachowuje odpowiedni\u0105 mi\u0119kko\u015b\u0107, nie ograniczaj\u0105c pracy przyn\u0119ty. Wersja <strong>13 kg \/ 25 cm<\/strong> to uniwersalny wyb\u00f3r do \u015brednich i ci\u0119\u017cszych przyn\u0119t \u2013 wobler\u00f3w, gum, jerk\u00f3w czy wahad\u0142\u00f3wek \u2013 stosowanych w po\u0142owie szczupak\u00f3w i sandaczy.<\/p>\n<p>Przypon wyposa\u017cony jest w solidny kr\u0119tlik i mocn\u0105 agrafk\u0119, co zapewnia szybkie i pewne mocowanie przyn\u0119ty. Kolor br\u0105zowy i nylonowa otulina sprawiaj\u0105, \u017ce przypon jest mniej widoczny w wodzie i bardziej naturalny w prezentacji.<\/p>\n<p>Specificatie:<\/p>\n<ul>\n<li>Materia\u0142: stal 1&#215;7 w otulinie nylonowej<\/li>\n<li>Lengte: 25 cm<\/li>\n<li>Wytrzyma\u0142o\u015b\u0107: 13 kg<\/li>\n<li>Kleur: bruin (camouflage)<\/li>\n<li>Flexibiliteit: hoog, beperkt de actie van het kunstaas niet<\/li>\n<li>Bewapening: wartel + veiligheidsspeld<\/li>\n<li>Doel: snoek, snoekbaars, snoekbaars<\/li>\n<li>Verpakking: 2 stuks<\/li>\n<\/ul>\n<p>&nbsp;<\/p>\n<p>&nbsp;<\/p>\n<p><!--EndFragment --><\/p>","protected":false},"excerpt":{"rendered":"<p>Mocny, stalowy przypon w nylonowej otulinie. Niewidoczny w wodzie, odporny na z\u0119by drapie\u017cnik\u00f3w, idealny do \u015brednich i ci\u0119\u017cszych przyn\u0119t szczupakowych i sandaczowych.<\/p>","protected":false},"featured_media":1503,"comment_status":"open","ping_status":"closed","template":"","meta":[],"product_brand":[88],"product_cat":[171,317,318],"product_tag":[246,257,217,259,210],"class_list":{"0":"post-1159","1":"product","2":"type-product","3":"status-publish","4":"has-post-thumbnail","6":"product_brand-dragon","7":"product_cat-przypony","8":"product_cat-sandacz","9":"product_cat-szczupak","10":"product_tag-dragon","11":"product_tag-przypon","12":"product_tag-sandacz","13":"product_tag-surflon","14":"product_tag-szczupak","16":"first","17":"instock","18":"sale","19":"featured","20":"shipping-taxable","21":"purchasable","22":"product-type-simple"},"_links":{"self":[{"href":"https:\/\/go-fishing.nl\/nl\/wp-json\/wp\/v2\/product\/1159","targetHints":{"allow":["GET"]}}],"collection":[{"href":"https:\/\/go-fishing.nl\/nl\/wp-json\/wp\/v2\/product"}],"about":[{"href":"https:\/\/go-fishing.nl\/nl\/wp-json\/wp\/v2\/types\/product"}],"replies":[{"embeddable":true,"href":"https:\/\/go-fishing.nl\/nl\/wp-json\/wp\/v2\/comments?post=1159"}],"wp:featuredmedia":[{"embeddable":true,"href":"https:\/\/go-fishing.nl\/nl\/wp-json\/wp\/v2\/media\/1503"}],"wp:attachment":[{"href":"https:\/\/go-fishing.nl\/nl\/wp-json\/wp\/v2\/media?parent=1159"}],"wp:term":[{"taxonomy":"product_brand","embeddable":true,"href":"https:\/\/go-fishing.nl\/nl\/wp-json\/wp\/v2\/product_brand?post=1159"},{"taxonomy":"product_cat","embeddable":true,"href":"https:\/\/go-fishing.nl\/nl\/wp-json\/wp\/v2\/product_cat?post=1159"},{"taxonomy":"product_tag","embeddable":true,"href":"https:\/\/go-fishing.nl\/nl\/wp-json\/wp\/v2\/product_tag?post=1159"}],"curies":[{"name":"wp","href":"https:\/\/api.w.org\/{rel}","templated":true}]}}