{"id":1347,"date":"2025-11-13T18:50:47","date_gmt":"2025-11-13T18:50:47","guid":{"rendered":"https:\/\/go-fishing.nl\/?post_type=product&#038;p=1347"},"modified":"2026-01-29T18:21:11","modified_gmt":"2026-01-29T18:21:11","slug":"manyfik-miki-13g","status":"publish","type":"product","link":"https:\/\/go-fishing.nl\/nl\/product\/manyfik-miki-13g\/","title":{"rendered":"Manyfik Mickey's draaiende staart 13g"},"content":{"rendered":"<p><!--StartFragment --><\/p>\n<p>Manyfik Miki 13 g to najci\u0119\u017csza ods\u0142ona serii, idealna do prowadzenia w g\u0142\u0119bszych \u0142owiskach i przy silniejszym nurcie. Ton\u0105cy charakter pracy pozwala na skuteczne penetrowanie warstw wody do 5 metr\u00f3w. R\u0119cznie malowana paletka \u2013 unikatowa na rynku \u2013 w po\u0142\u0105czeniu z realistycznym korpusem imituj\u0105cym ryb\u0119 tworzy niezwykle atrakcyjn\u0105 przyn\u0119t\u0119. Solidna kotwica nr 8 zapewnia pewne zaci\u0119cie i utrzymanie ryby podczas holu.<\/p>\n<p>&nbsp;<\/p>\n<p>Specyfikacja<\/p>\n<ul>\n<li style=\"list-style-type: none;\">\n<ul>\n<li><strong>Waga:<\/strong> 13 g<\/li>\n<li><strong>D\u0142ugo\u015b\u0107 korpusu:<\/strong> ok. 42 mm<\/li>\n<li><strong>Typ:<\/strong> ton\u0105cy<\/li>\n<li><strong>Charakter pracy:<\/strong> intensywne wibracje paletki<\/li>\n<li><strong>G\u0142\u0119boko\u015b\u0107 prowadzenia:<\/strong> 1,5 \u2013 5 m<\/li>\n<li><strong>Kotwica:<\/strong> potr\u00f3jna nr 8, najwy\u017cszej jako\u015bci<\/li>\n<\/ul>\n<\/li>\n<\/ul>\n<p><!--EndFragment --><\/p>\n<p>&nbsp;<\/p>","protected":false},"excerpt":{"rendered":"<p><!--StartFragment --><\/p>\n<p>Manyfik Miki 13g to wiruj\u0105cy ogonek o mocnych wibracjach i wyrazistej pracy skrzyde\u0142ka. Skuteczny na drapie\u017cniki w r\u00f3\u017cnych warunkach. <!--EndFragment --><\/p>","protected":false},"featured_media":1351,"comment_status":"open","ping_status":"closed","template":"","meta":[],"product_brand":[155],"product_cat":[316,317,318,201],"product_tag":[228,211,254,249,217,210,212],"class_list":{"0":"post-1347","1":"product","2":"type-product","3":"status-publish","4":"has-post-thumbnail","6":"product_brand-manyfik","7":"product_cat-okon","8":"product_cat-sandacz","9":"product_cat-szczupak","10":"product_cat-wirujace-ogonki","11":"product_tag-hand-made","12":"product_tag-okon","13":"product_tag-perch","14":"product_tag-pike","15":"product_tag-sandacz","16":"product_tag-szczupak","17":"product_tag-wirujacy-ogonek","19":"first","20":"instock","21":"shipping-taxable","22":"purchasable","23":"product-type-variable"},"_links":{"self":[{"href":"https:\/\/go-fishing.nl\/nl\/wp-json\/wp\/v2\/product\/1347","targetHints":{"allow":["GET"]}}],"collection":[{"href":"https:\/\/go-fishing.nl\/nl\/wp-json\/wp\/v2\/product"}],"about":[{"href":"https:\/\/go-fishing.nl\/nl\/wp-json\/wp\/v2\/types\/product"}],"replies":[{"embeddable":true,"href":"https:\/\/go-fishing.nl\/nl\/wp-json\/wp\/v2\/comments?post=1347"}],"wp:featuredmedia":[{"embeddable":true,"href":"https:\/\/go-fishing.nl\/nl\/wp-json\/wp\/v2\/media\/1351"}],"wp:attachment":[{"href":"https:\/\/go-fishing.nl\/nl\/wp-json\/wp\/v2\/media?parent=1347"}],"wp:term":[{"taxonomy":"product_brand","embeddable":true,"href":"https:\/\/go-fishing.nl\/nl\/wp-json\/wp\/v2\/product_brand?post=1347"},{"taxonomy":"product_cat","embeddable":true,"href":"https:\/\/go-fishing.nl\/nl\/wp-json\/wp\/v2\/product_cat?post=1347"},{"taxonomy":"product_tag","embeddable":true,"href":"https:\/\/go-fishing.nl\/nl\/wp-json\/wp\/v2\/product_tag?post=1347"}],"curies":[{"name":"wp","href":"https:\/\/api.w.org\/{rel}","templated":true}]}}