{"id":267,"date":"2025-09-17T17:21:38","date_gmt":"2025-09-17T17:21:38","guid":{"rendered":"https:\/\/go-fishing.nl\/?post_type=product&#038;p=267"},"modified":"2026-02-17T08:00:52","modified_gmt":"2026-02-17T08:00:52","slug":"ciezarki-dropshot-jaxon","status":"publish","type":"product","link":"https:\/\/go-fishing.nl\/nl\/product\/ciezarki-dropshot-jaxon\/","title":{"rendered":"Jaxon dropshot gewichten knuppel"},"content":{"rendered":"<p><!--StartFragment --><\/p>\n<p>Jaxon to polska firma, kt\u00f3ra od lat cieszy si\u0119 uznaniem w\u015br\u00f3d w\u0119dkarzy dzi\u0119ki solidnemu wykonaniu i rozs\u0105dnej cenie. Produkty tej marki, w tym ci\u0119\u017carki, s\u0105 ch\u0119tnie wybierane przez u\u017cytkownik\u00f3w, kt\u00f3rzy doceniaj\u0105 ich niezawodno\u015b\u0107 i praktyczno\u015b\u0107 w r\u00f3\u017cnych warunkach. Ci\u0119\u017carki Jaxon wyr\u00f3\u017cniaj\u0105 si\u0119 trwa\u0142o\u015bci\u0105 oraz szerokim wyborem modeli, co pozwala dopasowa\u0107 je do indywidualnych potrzeb i stylu \u0142owienia. To sprz\u0119t, kt\u00f3ry sprawdza si\u0119 zar\u00f3wno podczas rekreacyjnych wypraw, jak i bardziej wymagaj\u0105cych po\u0142ow\u00f3w.<br \/>\nJe\u015bli szukasz sprawdzonych rozwi\u0105za\u0144, warto zwr\u00f3ci\u0107 uwag\u0119 na ofert\u0119 Jaxon \u2014 by\u0107 mo\u017ce oka\u017ce si\u0119 dobrym wyborem tak\u017ce dla Ciebie.<\/p>\n<p><!--StartFragment --><\/p>\n<p>Specificatie:<\/p>\n<ul>\n<li>Kszta\u0142t: pod\u0142u\u017cny, smuk\u0142y (tzw. pa\u0142ka)<\/li>\n<li>Materia\u0142: o\u0142\u00f3w lub wolfram (w zale\u017cno\u015bci od wersji)<\/li>\n<li>System mocowania: szybkozaciskowy klips do \u017cy\u0142ki<\/li>\n<li>Dost\u0119pne wagi: od 5 g do 20 g<\/li>\n<li>Powierzchnia: g\u0142adka, matowa lub lekko polerowana<\/li>\n<li>Ilo\u015b\u0107: 5g &#8211; 4szt, 10\/15g &#8211; 3 szt, 20g &#8211; 2szt<\/li>\n<\/ul>\n<p><!--EndFragment --><\/p>\n<p><!--EndFragment --><\/p>","protected":false},"excerpt":{"rendered":"<p>Ci\u0119\u017carek typu pa\u0142ka doskonale sprawdza si\u0119 w \u0142owiskach poro\u015bni\u0119tych ro\u015blinno\u015bci\u0105, gdzie dzi\u0119ki smuk\u0142ej formie p\u0142ynnie prze\u015blizguje si\u0119 mi\u0119dzy przeszkodami i znacz\u0105co ogranicza ryzyko zaczep\u00f3w.<\/p>","protected":false},"featured_media":1534,"comment_status":"open","ping_status":"closed","template":"","meta":[],"product_brand":[39],"product_cat":[65,30],"product_tag":[295,275,261,211,294,290,217],"class_list":{"0":"post-267","1":"product","2":"type-product","3":"status-publish","4":"has-post-thumbnail","6":"product_brand-jaxon","7":"product_cat-akcesoria","8":"product_cat-ciezarki","9":"product_tag-ciezarek","10":"product_tag-dropshot","11":"product_tag-jaxon","12":"product_tag-okon","13":"product_tag-palka","14":"product_tag-polska","15":"product_tag-sandacz","17":"first","18":"instock","19":"sale","20":"shipping-taxable","21":"purchasable","22":"product-type-variable"},"_links":{"self":[{"href":"https:\/\/go-fishing.nl\/nl\/wp-json\/wp\/v2\/product\/267","targetHints":{"allow":["GET"]}}],"collection":[{"href":"https:\/\/go-fishing.nl\/nl\/wp-json\/wp\/v2\/product"}],"about":[{"href":"https:\/\/go-fishing.nl\/nl\/wp-json\/wp\/v2\/types\/product"}],"replies":[{"embeddable":true,"href":"https:\/\/go-fishing.nl\/nl\/wp-json\/wp\/v2\/comments?post=267"}],"wp:featuredmedia":[{"embeddable":true,"href":"https:\/\/go-fishing.nl\/nl\/wp-json\/wp\/v2\/media\/1534"}],"wp:attachment":[{"href":"https:\/\/go-fishing.nl\/nl\/wp-json\/wp\/v2\/media?parent=267"}],"wp:term":[{"taxonomy":"product_brand","embeddable":true,"href":"https:\/\/go-fishing.nl\/nl\/wp-json\/wp\/v2\/product_brand?post=267"},{"taxonomy":"product_cat","embeddable":true,"href":"https:\/\/go-fishing.nl\/nl\/wp-json\/wp\/v2\/product_cat?post=267"},{"taxonomy":"product_tag","embeddable":true,"href":"https:\/\/go-fishing.nl\/nl\/wp-json\/wp\/v2\/product_tag?post=267"}],"curies":[{"name":"wp","href":"https:\/\/api.w.org\/{rel}","templated":true}]}}