{"id":307,"date":"2025-09-29T08:30:30","date_gmt":"2025-09-29T08:30:30","guid":{"rendered":"https:\/\/go-fishing.nl\/?post_type=product&#038;p=307"},"modified":"2026-02-17T07:52:02","modified_gmt":"2026-02-17T07:52:02","slug":"rozwieracz-jaxon","status":"publish","type":"product","link":"https:\/\/go-fishing.nl\/nl\/product\/rozwieracz-jaxon\/","title":{"rendered":"Jaxon ruimer"},"content":{"rendered":"<p>Rozwieracz Jaxon to wytrzyma\u0142e i precyzyjne narz\u0119dzie, kt\u00f3re u\u0142atwia odhaczanie ryb bez ryzyka uszkodzenia przyn\u0119ty czy d\u0142oni. Konstrukcja zapewnia stabilne rozwarcie pyska drapie\u017cnika, co pozwala na szybkie i bezpieczne usuni\u0119cie haka. Sprawdza si\u0119 zar\u00f3wno podczas \u0142owienia sandaczy, jak i szczupakow, szczeg\u00f3lnie gdy przyn\u0119ta zosta\u0142a g\u0142\u0119boko zassana. Niezb\u0119dny element wyposa\u017cenia ka\u017cdego spinningisty.<\/p>","protected":false},"excerpt":{"rendered":"<p>Rozwieracz Jaxon to solidne narz\u0119dzie do bezpiecznego odhaczania ryb, idealne na sandacza i szczupaka.<\/p>","protected":false},"featured_media":1500,"comment_status":"open","ping_status":"closed","template":"","meta":[],"product_brand":[39],"product_cat":[65,260],"product_tag":[262,261,263,217,210],"class_list":{"0":"post-307","1":"product","2":"type-product","3":"status-publish","4":"has-post-thumbnail","6":"product_brand-jaxon","7":"product_cat-akcesoria","8":"product_cat-akcesoria-do-odhaczania","9":"product_tag-bezpieczne-odhaczanie","10":"product_tag-jaxon","11":"product_tag-rozwieracz","12":"product_tag-sandacz","13":"product_tag-szczupak","15":"first","16":"instock","17":"shipping-taxable","18":"purchasable","19":"product-type-simple"},"_links":{"self":[{"href":"https:\/\/go-fishing.nl\/nl\/wp-json\/wp\/v2\/product\/307","targetHints":{"allow":["GET"]}}],"collection":[{"href":"https:\/\/go-fishing.nl\/nl\/wp-json\/wp\/v2\/product"}],"about":[{"href":"https:\/\/go-fishing.nl\/nl\/wp-json\/wp\/v2\/types\/product"}],"replies":[{"embeddable":true,"href":"https:\/\/go-fishing.nl\/nl\/wp-json\/wp\/v2\/comments?post=307"}],"wp:featuredmedia":[{"embeddable":true,"href":"https:\/\/go-fishing.nl\/nl\/wp-json\/wp\/v2\/media\/1500"}],"wp:attachment":[{"href":"https:\/\/go-fishing.nl\/nl\/wp-json\/wp\/v2\/media?parent=307"}],"wp:term":[{"taxonomy":"product_brand","embeddable":true,"href":"https:\/\/go-fishing.nl\/nl\/wp-json\/wp\/v2\/product_brand?post=307"},{"taxonomy":"product_cat","embeddable":true,"href":"https:\/\/go-fishing.nl\/nl\/wp-json\/wp\/v2\/product_cat?post=307"},{"taxonomy":"product_tag","embeddable":true,"href":"https:\/\/go-fishing.nl\/nl\/wp-json\/wp\/v2\/product_tag?post=307"}],"curies":[{"name":"wp","href":"https:\/\/api.w.org\/{rel}","templated":true}]}}