{"id":308,"date":"2025-09-29T08:43:47","date_gmt":"2025-09-29T08:43:47","guid":{"rendered":"https:\/\/go-fishing.nl\/?post_type=product&#038;p=308"},"modified":"2026-02-17T07:36:23","modified_gmt":"2026-02-17T07:36:23","slug":"dragon-lunatic-85cm","status":"publish","type":"product","link":"https:\/\/go-fishing.nl\/nl\/product\/dragon-lunatic-85cm\/","title":{"rendered":"Dragon Lunatic 8,5cm"},"content":{"rendered":"<p><!--StartFragment --><\/p>\n<p>Dragon Lunatic 8,5 cm to przyn\u0119ta gumowa o agresywnej pracy, zaprojektowana z my\u015bl\u0105 o \u0142owieniu aktywnych drapie\u017cnik\u00f3w. Smuk\u0142y korpus i szeroka, dynamicznie pracuj\u0105ca p\u0142etwa ogonowa generuj\u0105 silne wibracje, skutecznie prowokuj\u0105c ryby do ataku. Doskonale sprawdza si\u0119 w po\u0142owie sandaczy, szczupak\u00f3w i du\u017cych okoni, zar\u00f3wno w wodach stoj\u0105cych, jak i p\u0142yn\u0105cych.<\/p>\n<p><strong>Specificatie:<\/strong><\/p>\n<ul>\n<li>D\u0142ugo\u015b\u0107: 8,5 cm<\/li>\n<li>Praca: agresywna, intensywne wibracje<\/li>\n<li>Gebruik: jigkop<\/li>\n<li>Przeznaczenie: sandacz, szczupak, oko\u0144<\/li>\n<\/ul>\n<p><!--EndFragment --><\/p>","protected":false},"excerpt":{"rendered":"<p>Dragon Lunatic 8,5 cm to skuteczna guma o mocnej pracy, idealne na sandacza i okonia w r\u00f3\u017cnych warunkach.<\/p>","protected":false},"featured_media":1307,"comment_status":"open","ping_status":"closed","template":"","meta":[],"product_brand":[88],"product_cat":[25],"product_tag":[],"class_list":{"0":"post-308","1":"product","2":"type-product","3":"status-publish","4":"has-post-thumbnail","6":"product_brand-dragon","7":"product_cat-miekkie","9":"first","10":"instock","11":"shipping-taxable","12":"purchasable","13":"product-type-variable"},"_links":{"self":[{"href":"https:\/\/go-fishing.nl\/nl\/wp-json\/wp\/v2\/product\/308","targetHints":{"allow":["GET"]}}],"collection":[{"href":"https:\/\/go-fishing.nl\/nl\/wp-json\/wp\/v2\/product"}],"about":[{"href":"https:\/\/go-fishing.nl\/nl\/wp-json\/wp\/v2\/types\/product"}],"replies":[{"embeddable":true,"href":"https:\/\/go-fishing.nl\/nl\/wp-json\/wp\/v2\/comments?post=308"}],"wp:featuredmedia":[{"embeddable":true,"href":"https:\/\/go-fishing.nl\/nl\/wp-json\/wp\/v2\/media\/1307"}],"wp:attachment":[{"href":"https:\/\/go-fishing.nl\/nl\/wp-json\/wp\/v2\/media?parent=308"}],"wp:term":[{"taxonomy":"product_brand","embeddable":true,"href":"https:\/\/go-fishing.nl\/nl\/wp-json\/wp\/v2\/product_brand?post=308"},{"taxonomy":"product_cat","embeddable":true,"href":"https:\/\/go-fishing.nl\/nl\/wp-json\/wp\/v2\/product_cat?post=308"},{"taxonomy":"product_tag","embeddable":true,"href":"https:\/\/go-fishing.nl\/nl\/wp-json\/wp\/v2\/product_tag?post=308"}],"curies":[{"name":"wp","href":"https:\/\/api.w.org\/{rel}","templated":true}]}}