{"id":317,"date":"2025-09-29T09:02:48","date_gmt":"2025-09-29T09:02:48","guid":{"rendered":"https:\/\/go-fishing.nl\/?post_type=product&#038;p=317"},"modified":"2026-02-04T15:47:39","modified_gmt":"2026-02-04T15:47:39","slug":"dragon-lunatic-125cm","status":"publish","type":"product","link":"https:\/\/go-fishing.nl\/nl\/product\/dragon-lunatic-125cm\/","title":{"rendered":"Dragon Lunatic 12,5cm"},"content":{"rendered":"<p><!--StartFragment --><\/p>\n<p>Dragon Lunatic 12,5 cm to przyn\u0119ta gumowa o agresywnej pracy, zaprojektowana z my\u015bl\u0105 o \u0142owieniu aktywnych drapie\u017cnik\u00f3w. Smuk\u0142y korpus i szeroka, dynamicznie pracuj\u0105ca p\u0142etwa ogonowa generuj\u0105 silne wibracje, skutecznie prowokuj\u0105c ryby do ataku. Doskonale sprawdza si\u0119 w po\u0142owie sandaczy, szczupak\u00f3w i du\u017cych okoni, zar\u00f3wno w wodach stoj\u0105cych, jak i p\u0142yn\u0105cych. Wersje o d\u0142ugo\u015bci powy\u017cej 10 cm wykonane s\u0105 z nieco twardszego materia\u0142u, co pozwala na lepsze przenoszenie energii z ogona na korpus, skutkuj\u0105c wyra\u017aniejszymi wychyleniami bocznymi podczas pracy przyn\u0119ty.<\/p>\n<p><strong>Specificatie:<\/strong><\/p>\n<ul>\n<li>D\u0142ugo\u015b\u0107: 12,5 cm<\/li>\n<li>Typ: przyn\u0119ta gumowa<\/li>\n<li>Praca: agresywna, intensywne wibracje<\/li>\n<li>Zastosowanie: G\u0142\u00f3wka jigowa<\/li>\n<li>Doel: Snoekbaars, snoek<\/li>\n<\/ul>\n<p><!--EndFragment --><\/p>","protected":false},"excerpt":{"rendered":"<p>Dragon Lunatic 12,5 cm to wi\u0119ksza wersja agresywnej przyn\u0119ty gumowej, przeznaczona do \u0142owienia szczupak\u00f3w i sandaczy. Mocna akcja ogona generuje intensywne wibracje, skutecznie prowokuj\u0105c drapie\u017cniki do ataku. Sprawdza si\u0119 w wodach stoj\u0105cych i p\u0142yn\u0105cych.<\/p>","protected":false},"featured_media":1301,"comment_status":"open","ping_status":"closed","template":"","meta":[],"product_brand":[88],"product_cat":[25,317,318],"product_tag":[246,247,252,249,253,248],"class_list":{"0":"post-317","1":"product","2":"type-product","3":"status-publish","4":"has-post-thumbnail","6":"product_brand-dragon","7":"product_cat-miekkie","8":"product_cat-sandacz","9":"product_cat-szczupak","10":"product_tag-dragon","11":"product_tag-guma","12":"product_tag-lunatic","13":"product_tag-pike","14":"product_tag-soft-bait","15":"product_tag-zander","17":"first","18":"instock","19":"shipping-taxable","20":"purchasable","21":"product-type-variable"},"_links":{"self":[{"href":"https:\/\/go-fishing.nl\/nl\/wp-json\/wp\/v2\/product\/317","targetHints":{"allow":["GET"]}}],"collection":[{"href":"https:\/\/go-fishing.nl\/nl\/wp-json\/wp\/v2\/product"}],"about":[{"href":"https:\/\/go-fishing.nl\/nl\/wp-json\/wp\/v2\/types\/product"}],"replies":[{"embeddable":true,"href":"https:\/\/go-fishing.nl\/nl\/wp-json\/wp\/v2\/comments?post=317"}],"wp:featuredmedia":[{"embeddable":true,"href":"https:\/\/go-fishing.nl\/nl\/wp-json\/wp\/v2\/media\/1301"}],"wp:attachment":[{"href":"https:\/\/go-fishing.nl\/nl\/wp-json\/wp\/v2\/media?parent=317"}],"wp:term":[{"taxonomy":"product_brand","embeddable":true,"href":"https:\/\/go-fishing.nl\/nl\/wp-json\/wp\/v2\/product_brand?post=317"},{"taxonomy":"product_cat","embeddable":true,"href":"https:\/\/go-fishing.nl\/nl\/wp-json\/wp\/v2\/product_cat?post=317"},{"taxonomy":"product_tag","embeddable":true,"href":"https:\/\/go-fishing.nl\/nl\/wp-json\/wp\/v2\/product_tag?post=317"}],"curies":[{"name":"wp","href":"https:\/\/api.w.org\/{rel}","templated":true}]}}