{"id":323,"date":"2025-09-29T09:29:18","date_gmt":"2025-09-29T09:29:18","guid":{"rendered":"https:\/\/go-fishing.nl\/?post_type=product&#038;p=323"},"modified":"2026-02-04T15:44:14","modified_gmt":"2026-02-04T15:44:14","slug":"dragon-invader-pro-5cm","status":"publish","type":"product","link":"https:\/\/go-fishing.nl\/nl\/product\/dragon-invader-pro-5cm\/","title":{"rendered":"Dragon invader pro 5cm"},"content":{"rendered":"<p><!--StartFragment --><\/p>\n<p>Dragon Invader Pro\u00a0to przyn\u0119ta gumowa o wyd\u0142u\u017conym korpusie i wyra\u017anie zaznaczonej p\u0142etwie ogonowej, przypominaj\u0105ca ma\u0142\u0105, smuk\u0142\u0105 rybk\u0119. Jej konstrukcja zapewnia stabiln\u0105 prac\u0119 przy r\u00f3\u017cnych tempach prowadzenia, generuj\u0105c naturalne wychylenia boczne. Wykonana z trwa\u0142ego, elastycznego materia\u0142u, przeznaczona do uzbrojenia na g\u0142\u00f3wkach jigowych.<\/p>\n<p><strong>Specificatie:<\/strong><\/p>\n<ul>\n<li>D\u0142ugo\u015bci: 5 cm<\/li>\n<li>Type: ripper<\/li>\n<li>Werking: stabiel, aangepast aan verschillende rijtemperaturen<\/li>\n<li>Gebruik: jigkop<\/li>\n<li>Przeznaczenie: oko\u0144, sandacz<\/li>\n<li>Ilo\u015b\u0107 w opakowaniu: 5 sztuk<\/li>\n<\/ul>\n<p><!--EndFragment --><\/p>","protected":false},"excerpt":{"rendered":"<p><!--StartFragment --><\/p>\n<p>Finezyjny shad o migotliwej pracy. Skuteczny na okonia, dobry do opadu.<br \/>\n<!--EndFragment --><\/p>","protected":false},"featured_media":1290,"comment_status":"open","ping_status":"closed","template":"","meta":[],"product_brand":[88],"product_cat":[316,25],"product_tag":[246,251,211,249,217,236,248],"class_list":{"0":"post-323","1":"product","2":"type-product","3":"status-publish","4":"has-post-thumbnail","6":"product_brand-dragon","7":"product_cat-okon","8":"product_cat-miekkie","9":"product_tag-dragon","10":"product_tag-invader","11":"product_tag-okon","12":"product_tag-pike","13":"product_tag-sandacz","14":"product_tag-ultra-light","15":"product_tag-zander","17":"first","18":"instock","19":"shipping-taxable","20":"purchasable","21":"product-type-variable"},"_links":{"self":[{"href":"https:\/\/go-fishing.nl\/nl\/wp-json\/wp\/v2\/product\/323","targetHints":{"allow":["GET"]}}],"collection":[{"href":"https:\/\/go-fishing.nl\/nl\/wp-json\/wp\/v2\/product"}],"about":[{"href":"https:\/\/go-fishing.nl\/nl\/wp-json\/wp\/v2\/types\/product"}],"replies":[{"embeddable":true,"href":"https:\/\/go-fishing.nl\/nl\/wp-json\/wp\/v2\/comments?post=323"}],"wp:featuredmedia":[{"embeddable":true,"href":"https:\/\/go-fishing.nl\/nl\/wp-json\/wp\/v2\/media\/1290"}],"wp:attachment":[{"href":"https:\/\/go-fishing.nl\/nl\/wp-json\/wp\/v2\/media?parent=323"}],"wp:term":[{"taxonomy":"product_brand","embeddable":true,"href":"https:\/\/go-fishing.nl\/nl\/wp-json\/wp\/v2\/product_brand?post=323"},{"taxonomy":"product_cat","embeddable":true,"href":"https:\/\/go-fishing.nl\/nl\/wp-json\/wp\/v2\/product_cat?post=323"},{"taxonomy":"product_tag","embeddable":true,"href":"https:\/\/go-fishing.nl\/nl\/wp-json\/wp\/v2\/product_tag?post=323"}],"curies":[{"name":"wp","href":"https:\/\/api.w.org\/{rel}","templated":true}]}}