{"id":329,"date":"2025-09-29T09:34:32","date_gmt":"2025-09-29T09:34:32","guid":{"rendered":"https:\/\/go-fishing.nl\/?post_type=product&#038;p=329"},"modified":"2026-02-04T15:42:03","modified_gmt":"2026-02-04T15:42:03","slug":"dragon-invader-pro-85cm","status":"publish","type":"product","link":"https:\/\/go-fishing.nl\/nl\/product\/dragon-invader-pro-85cm\/","title":{"rendered":"Dragon Invader pro 8,5cm"},"content":{"rendered":"<p>Dragon Invader Pro\u00a0to przyn\u0119ta gumowa o wyd\u0142u\u017conym korpusie i wyra\u017anie zaznaczonej p\u0142etwie ogonowej, przypominaj\u0105ca ma\u0142\u0105, smuk\u0142\u0105 rybk\u0119. Jej konstrukcja zapewnia stabiln\u0105 prac\u0119 przy r\u00f3\u017cnych tempach prowadzenia, generuj\u0105c naturalne wychylenia boczne. Wykonana z trwa\u0142ego, elastycznego materia\u0142u, przeznaczona do uzbrojenia na g\u0142\u00f3wkach jigowych.<\/p>\n<p><strong>Specificatie:<\/strong><\/p>\n<ul>\n<li>D\u0142ugo\u015bci: 8,5 cm<\/li>\n<li>Type: ripper<\/li>\n<li>Werking: stabiel, aangepast aan verschillende rijtemperaturen<\/li>\n<li>Gebruik: jigkop<\/li>\n<li>Doel: Snoekbaars, snoek<\/li>\n<\/ul>","protected":false},"excerpt":{"rendered":"<p><!--StartFragment --><\/p>\n<p>Dragon Invader Pro to przyn\u0119ta gumowa o smuk\u0142ym, wyd\u0142u\u017conym korpusie, przypominaj\u0105ca ma\u0142\u0105 rybk\u0119. Pracuje stabilnie w r\u00f3\u017cnych tempach prowadzenia, generuj\u0105c naturalne wychylenia boczne. Przeznaczona do uzbrojenia na klasycznych g\u0142\u00f3wkach jigowych. <!--EndFragment --><\/p>","protected":false},"featured_media":1288,"comment_status":"open","ping_status":"closed","template":"","meta":[],"product_brand":[88],"product_cat":[25],"product_tag":[246,211,249,217,210,248],"class_list":{"0":"post-329","1":"product","2":"type-product","3":"status-publish","4":"has-post-thumbnail","6":"product_brand-dragon","7":"product_cat-miekkie","8":"product_tag-dragon","9":"product_tag-okon","10":"product_tag-pike","11":"product_tag-sandacz","12":"product_tag-szczupak","13":"product_tag-zander","15":"first","16":"instock","17":"shipping-taxable","18":"purchasable","19":"product-type-variable"},"_links":{"self":[{"href":"https:\/\/go-fishing.nl\/nl\/wp-json\/wp\/v2\/product\/329","targetHints":{"allow":["GET"]}}],"collection":[{"href":"https:\/\/go-fishing.nl\/nl\/wp-json\/wp\/v2\/product"}],"about":[{"href":"https:\/\/go-fishing.nl\/nl\/wp-json\/wp\/v2\/types\/product"}],"replies":[{"embeddable":true,"href":"https:\/\/go-fishing.nl\/nl\/wp-json\/wp\/v2\/comments?post=329"}],"wp:featuredmedia":[{"embeddable":true,"href":"https:\/\/go-fishing.nl\/nl\/wp-json\/wp\/v2\/media\/1288"}],"wp:attachment":[{"href":"https:\/\/go-fishing.nl\/nl\/wp-json\/wp\/v2\/media?parent=329"}],"wp:term":[{"taxonomy":"product_brand","embeddable":true,"href":"https:\/\/go-fishing.nl\/nl\/wp-json\/wp\/v2\/product_brand?post=329"},{"taxonomy":"product_cat","embeddable":true,"href":"https:\/\/go-fishing.nl\/nl\/wp-json\/wp\/v2\/product_cat?post=329"},{"taxonomy":"product_tag","embeddable":true,"href":"https:\/\/go-fishing.nl\/nl\/wp-json\/wp\/v2\/product_tag?post=329"}],"curies":[{"name":"wp","href":"https:\/\/api.w.org\/{rel}","templated":true}]}}